{"id":974,"date":"2022-09-30T12:36:41","date_gmt":"2022-09-30T12:36:41","guid":{"rendered":"http:\/\/asefrid.se\/?page_id=974"},"modified":"2022-09-30T12:38:58","modified_gmt":"2022-09-30T12:38:58","slug":"aao","status":"publish","type":"page","link":"https:\/\/asefrid.se\/?page_id=974","title":{"rendered":"\u00c5\u00c4\u00d6"},"content":{"rendered":"<p>\u00c5\u00c4\u00d6 is a film that is a celebration to the three last letters of the Swedish Alphabet, \u00e5-\u00e4-\u00f6.<\/p>\n<p><iframe loading=\"lazy\" width=\"640\" height=\"360\" src=\"https:\/\/www.youtube.com\/embed\/XorisEXc6DA?feature=oembed\" frameborder=\"0\" allow=\"accelerometer; autoplay; clipboard-write; encrypted-media; gyroscope; picture-in-picture\" allowfullscreen title=\"\u00c5\u00c4\u00d6\"><\/iframe><\/p>\n<p>A trailer:<\/p>\n<p><iframe loading=\"lazy\" width=\"640\" height=\"360\" src=\"https:\/\/www.youtube.com\/embed\/kF3i4jdrJy0?feature=oembed\" frameborder=\"0\" allow=\"accelerometer; autoplay; clipboard-write; encrypted-media; gyroscope; picture-in-picture\" allowfullscreen title=\"\u00c5\u00c4\u00d6 \u00e5sefrid\"><\/iframe><\/p>\n<p>&nbsp;<\/p>\n","protected":false},"excerpt":{"rendered":"<p>\u00c5\u00c4\u00d6 is a film that is a celebration to the three last letters of the Swedish Alphabet, \u00e5-\u00e4-\u00f6. A trailer: &nbsp;<\/p>\n","protected":false},"author":1,"featured_media":0,"parent":0,"menu_order":0,"comment_status":"closed","ping_status":"closed","template":"","meta":[],"_links":{"self":[{"href":"https:\/\/asefrid.se\/index.php?rest_route=\/wp\/v2\/pages\/974"}],"collection":[{"href":"https:\/\/asefrid.se\/index.php?rest_route=\/wp\/v2\/pages"}],"about":[{"href":"https:\/\/asefrid.se\/index.php?rest_route=\/wp\/v2\/types\/page"}],"author":[{"embeddable":true,"href":"https:\/\/asefrid.se\/index.php?rest_route=\/wp\/v2\/users\/1"}],"replies":[{"embeddable":true,"href":"https:\/\/asefrid.se\/index.php?rest_route=%2Fwp%2Fv2%2Fcomments&post=974"}],"version-history":[{"count":3,"href":"https:\/\/asefrid.se\/index.php?rest_route=\/wp\/v2\/pages\/974\/revisions"}],"predecessor-version":[{"id":978,"href":"https:\/\/asefrid.se\/index.php?rest_route=\/wp\/v2\/pages\/974\/revisions\/978"}],"wp:attachment":[{"href":"https:\/\/asefrid.se\/index.php?rest_route=%2Fwp%2Fv2%2Fmedia&parent=974"}],"curies":[{"name":"wp","href":"https:\/\/api.w.org\/{rel}","templated":true}]}}