{"id":117,"date":"2012-04-04T09:20:45","date_gmt":"2012-04-04T09:20:45","guid":{"rendered":"http:\/\/asefrid.se\/?page_id=117"},"modified":"2026-03-08T21:19:57","modified_gmt":"2026-03-08T21:19:57","slug":"cv-for-ase-frid","status":"publish","type":"page","link":"https:\/\/asefrid.se\/?page_id=117","title":{"rendered":"Cv"},"content":{"rendered":"<p><span style=\"line-height: 19px; font-size: small;\">Born 1969 in Uppsala, Sweden. Lives and works at R\u00e5dmans\u00f6.<\/span><\/p>\n<p><span style=\"line-height: 19px; font-size: small;\"><strong>Education<\/strong><\/span><\/p>\n<p><span style=\"line-height: 19px; font-size: small;\">Konstfack, 2018;\u00a0<em>Skrivandets f\u00f6rhandlingar &#8211; konflikt och ansvar i text<\/em><\/span><\/p>\n<p><span style=\"line-height: 19px; font-size: small;\">Konsth\u00f6gskolan Ume\u00e5 universitet (Academy of fine arts, Ume\u00e5 university) 1995\u20132000; Master of Fine arts, 2000<\/span><\/p>\n<p><span style=\"font-size: small;\">Artist in-residence Los Angeles, MAK Center for Art and architecture\/Schindler house <a href=\"https:\/\/www.makcenter.org\/exhibitions\/group-vii\">http:\/\/www.makcenter.org\/exhibitions\/group-vii<\/a><\/span><span style=\"font-size: small;\">\u00a01998\/99<\/span><\/p>\n<p><span style=\"line-height: 19px; font-size: small;\">Gueststudent in Los Angeles, mentorship by Laurence A. Rickels, professor in German litterature, USCB, psychoanalyst, critic 1997<\/span><\/p>\n<p><span style=\"font-size: x-small; line-height: 15px;\">Gerlesborgsskolan i Stockholm 1994-95, Filmvetenskap och Konstvetenskap vid Stockholms universitet 1993-94<\/span><\/p>\n<p><strong>Solo shows<\/strong><\/p>\n<p>2026 Norrt\u00e4lje konsthall<\/p>\n<p>2025, Galleri Rostrum Malm\u00f6 (together with Johan Frid)<\/p>\n<p>2022 Detroit Stockholm gallery<\/p>\n<p>2019 Norrt\u00e4lje konsthall<\/p>\n<p>2019 Vallentuna konsthall 1<\/p>\n<p>2017 Galleri 54, G\u00f6teborg\/Gothenburg<\/p>\n<p>2015 Wip : Stockholm with Johan Frid<\/p>\n<p>2015 Avesta konsthall<\/p>\n<p>2014 Norrt\u00e4lje konsthall &#8220;Observationer&#8221;<\/p>\n<p>2012 Lilla K, Stadsbiblioteket Norrt\u00e4lje 9\/5-5\/6<\/p>\n<p>2012 \u00a0Rosa huset gallery, G\u00e4vle 31\/3-29\/4<\/p>\n<p>2011 Konsthuset Uppsala 20\/3: exhibition and reading<\/p>\n<p>2006 Konsthallen, Sandviken, Feb\u2013March\u00a0<em>I\u00b4m gonna bomb your ass\/Lettre couvert (<\/em>DVD projection 11 min. and letterdrawing, 9 meter long paperwork- the continuation of a process started 2003)<\/p>\n<p>2003 Galleri Ping Pong, Malm\u00f6, Sept\u2013Oct 2003\u00a0<em>Iggyletter II <\/em>(1998\u2013-2003) and\u00a0<em>Lettre Couvert <\/em>(beginning of a process)<\/p>\n<p>2002 B\u00e5stadsgatan 4, Malm\u00f6, installation, drawings and paintings<\/p>\n<p>2000 Uppsala Konstmuseum,\u00a0<em>Uppstickare <\/em>installation\u00a0<em>Vision from inside<\/em><\/p>\n<p>2000 Stockholm Art Fair, representing Ume\u00e5 Konsth\u00f6gskola:<\/p>\n<p><em>Kingletter I-II, Iggyletter, Lettre Simultane <\/em>(simultaneous letterpiece to the Swedish king and Iggy Pop)\u00a0<em>Iggyletter II<\/em> (in progress) and\u00a0<em>poetry drawings<\/em><\/p>\n<p><strong>Group shows and readings<\/strong><\/p>\n<p>2023 Konstsalong Odengatan, Stockholm, <em>Cirkeln<\/em><\/p>\n<p>2022 R\u00f6nnells antikvariat, Stockholm: readings, Dark envelopes and poetry (Issue #1: Mark)<\/p>\n<p>2021 Konstgalleriet H\u00e4lleforsn\u00e4s, Flens kommun<\/p>\n<p>2020 Postcardsize exhibition, Bestfriendsshowroom, Falun<\/p>\n<p>2019 Konst i \u00e5n, Norrt\u00e4lje<\/p>\n<p>2018 Moderna museet Stockholm <em>Kung\u00f6relsen<\/em> performance with Nya Konstn\u00e4rsklubben<\/p>\n<p>2018 Dalarnas museum <em>Sammankomsten<\/em>\/<em>The gathering (exhibition within the collections of the Dalarnas museum, Falun)<\/em><\/p>\n<p>2018 Konstsalong Odengatan, Stockholm, <em>Minnet \u00e4r en dr\u00f6m<\/em><\/p>\n<p>2015 Galleri Se, Falun (GSK) <em>Shifting the focus<\/em> (exhibition with copper prints)<\/p>\n<p>2014\u00a0Fylkingen, Stockholm: \u00a0Performance and exhibition<\/p>\n<p>2014 R\u00e5n\u00e4s slott, Uppland<\/p>\n<p>2012\u00a0Nordiska akvarellmuseet<\/p>\n<p>2011\u00a0Nordiska Akvarellmuseet\/Nordic Watercolor museum, Sk\u00e4rhamn;\u00a0<em>Here and there:<\/em> From the museum collection<\/p>\n<p>2011 Konst i \u00e5n, Norrt\u00e4lje 1\/7-15\/8 (exhibition in the Norrt\u00e4lje river): Trut (a poem from the poetry\/drawingwork\u00a0<em>The<\/em> <em>Berzelius Suite, <\/em>made as a signpost in aluminium with the poem painted on it with metal paint<em>)<\/em><\/p>\n<p>2011 Zozozozozon performance night, Norrt\u00e4lje konsthall 5\/6<\/p>\n<p>2011 Konsthuset Uppsala 20\/3: exhibition and reading<\/p>\n<p>2011 Falu Konstvecka\/konstnatt (Falun Artweek) 22-30\/1<\/p>\n<p>2010-11\u00a0Konsthallen Norrt\u00e4lje: \u00a0group exhibition<\/p>\n<p>2010\u00a0Zozozozon Performancenatt Konsthallen Norrt\u00e4lje, reading:\u00a0<em>Reading of the work <\/em>(14\/8)<\/p>\n<p>2010 Galleri Se, Falun:\u00a0<em>Fw\/Drawing <\/em>(July-August)<\/p>\n<p>2009\/10\u00a0Norrt\u00e4lje Konsthall:\u00a0<em>Combined Lines <\/em>(drawing exhibition with Swedish and Finnish artists)<\/p>\n<p>2009 \u00c5lands konstmuseum:\u00a0<em>Combined Lines<\/em><\/p>\n<p>2008\u00a0Uppsala, Walmstedtska g\u00e5rden (25\/9-5\/10) 10&#215;10,\u00a0 arranged by HAKA: Starting point for long-term project\u00a0<em>Lettre Simultane II<\/em>, graphite underdrawing\/sketch work featuring artist\/Iggy Pop\/Swedish king Carl XVI Gustaf, later finished in watercolor 2010 at another exhibition.<\/p>\n<p>2007\u00a0<em>Konstrea<\/em>, Kungstr\u00e4dg\u00e5rden, Stockholm kulturfestival<\/p>\n<p>2006 Liljevalch\u00b4s konsthall, Stockholm\u00a0<em>Konstrea<\/em><\/p>\n<p>2004 Oct. Sandvikens konsthall<\/p>\n<p>2005 June-Aug. Moviken Art:\u00a0<em>Hej Publik!<\/em><\/p>\n<p>2002 Nordic Watercolor Museum\u00a0<em>Wet dreams<\/em><\/p>\n<p>2001 Galleri Rostrum Malm\u00f6<\/p>\n<p>2000 Uppsala konstmuseum Dec-Jan 2001: Anna-Lisa Thomson-exhibition, new stipendiates: Iggyletter I (1998-99), Iggyletter II (in-progress since 1998, finished 2003 in Malm\u00f6)<\/p>\n<p>Galleri Signal, Malm\u00f6\u00a0<em>Ny I stan<\/em><\/p>\n<p><em>Departure <\/em>curated by Sarah Gavlak, Konsth\u00f6gskolan Ume\u00e5, Bildmus\u00e9et Ume\u00e5, Wetterling gallery, Stockholm<\/p>\n<p>1999 Wan\u00e5s sculpture park (M\u00f6tet p\u00e5 Wan\u00e5s slott\/meeting at Wan\u00e5s castle, a watercolour picturing me and countess Wachmeister in a steel- and glasstable in the park)<\/p>\n<p>MAK center for art &amp; architecture, March-99, Mackey aptms, Los Angeles: works on paper,(starting point for\u00a0<em>IggyletterII<\/em>)\u00a0<em>Fucking houses <\/em>(sculpture, 1999) and works on paper<\/p>\n<p><strong>Stipends<\/strong><\/p>\n<p>2019 L\u00e4ngmanska kulturfonden<\/p>\n<p>2018 1-\u00e5rigt arbetsstipendium, Bildkonstn\u00e4rsfonden<\/p>\n<p>2015 L\u00e4ngmanska kulturfonden<\/p>\n<p>2010 \u00a07-day work residency, Nordic Watercolor Museum, Sk\u00e4rhamn, Sweden<\/p>\n<p>2005 Landstinget G\u00e4vleborgs Kulturstipendium Katalonien<\/p>\n<p>2004 G\u00e4vleborgs l\u00e4ns yngrestipendium<\/p>\n<p>2002 BUF Bildkonstn\u00e4rernas Upphovsr\u00e4ttsfond<\/p>\n<p>2000 Helge Ax:son Johnson, Anna-Lisa Thomson till minne,\u00a0Stockholm Art Fair<\/p>\n<p>1999\/ 98 MAK Schindler award \/Artist and architects in-residence, Los Angeles<\/p>\n<p>1998\u2028 G\u00f6ranssonska kulturstiftelsens stipendium, 1998 and 1996\u20281996 Letterstedska stipendiet 1996<\/p>\n<p><span style=\"line-height: 19px; font-size: small;\"><strong>Publications (selected)<\/strong><\/span><\/p>\n<p>2024 Hj\u00e4rnstorm, #minne\/gl\u00f6mska<\/p>\n<p>2021 Ofullst\u00e4ndigt lexikon\/Uncomplete Dictionary (catalogue, texts by Windy Fur Rundgren and poems by \u00c5se Frid)<\/p>\n<p>2017 Renskrift (catalogue, with texts by Bengt Jangfeldt, Pernilla Josefsson and poems by \u00c5se Frid)<\/p>\n<p><span style=\"line-height: 19px; font-size: small;\"><strong>Other artprojects<\/strong><\/span><\/p>\n<p><span style=\"font-size: small;\">2011 Poesilabbet, workshop on performative work<\/span><\/p>\n<p><span style=\"font-size: small; line-height: 19px;\">2006 <\/span><em style=\"line-height: 19px;\">Distinguished Grey,<\/em><span style=\"font-size: small; line-height: 19px;\"> (dvd, 7 min.) with Johan Frid, for event at the MAK (Museum fur Angegewandte Kunst) Wien, at the release of catalogue <\/span><em style=\"line-height: 19px;\">Schindler by MAK<\/em><\/p>\n<p><span style=\"line-height: 19px; font-size: small;\">2002<em> The Frid In\u00b4n out refuge<\/em> : model\/longdistansproject, together with Johan Frid, for workshop by MAK-stipendiates at Rirkrit Tiravanija\u00b4s show at the Secession, Wien<\/span><\/p>\n<p><span style=\"line-height: 19px; font-size: small;\">2000\u2028\u00a0<em>Till kungen och dom andra\/For the king and others<\/em> 10 min. production for Sveriges Radio\u2028\/Swedish national radio (i serien <em>Flipper och konsten<\/em>, P3 Flipper aired 9\/9)<\/span><\/p>\n<p><span style=\"color: #000000;\"> <span style=\"font-family: Times, serif;\"><span style=\"font-size: small;\"><strong>Other<\/strong><\/span><\/span><\/span><\/p>\n<p><span style=\"font-size: small;\">2004 Platsens sj\u00e4l: (K.U.L) Konstpedagogiskt utvecklingsarbete i l\u00e4net, regi G\u00e4vleborgs l\u00e4ns museum, projekt, Hammargymnasiet, Sandviken.<\/span><\/p>\n<p><span style=\"font-size: small;\">1999 Seminar by MAK stipendiates, Art Center College of Design, Pasadena<\/span><\/p>\n<p><span style=\"line-height: 19px; font-size: small;\">1998 <em>W<\/em><span style=\"color: #000000;\"><span style=\"font-family: Times, serif;\"><em>ork in progress<\/em><\/span><\/span><span style=\"color: #000000;\"><span style=\"font-family: Times, serif;\">, presentation, Schindler museum, W. Hollywood, Los Angeles, 1998<\/span><\/span><\/span><\/p>\n<p><span style=\"line-height: 19px; font-size: small;\"><strong>Public Assignments<\/strong><\/span><\/p>\n<p><span style=\"line-height: 19px; font-size: small;\"><span style=\"color: #000000;\"><span style=\"font-family: Times, serif;\"><em>L\u00e4ngs v\u00e4gen mot Osl\u00e4ttfors<\/em><\/span><\/span><span style=\"color: #000000;\"><span style=\"font-family: Times, serif;\">, utsmyckning och rumslig gestaltning, Barnkliniken vid G\u00e4vle sjukhus, tillsammans med Johan Frid. Childrens clinic, G\u00e4vle Hospital, Sweden. P\u00e5 uppdrag av Konst G\u00e4vleborg vid G\u00e4vleborgs l\u00e4ns landsting. Painting, play-stations, wooden butterflies, textilesculpture and other objects, made after interacting with the staff and children.<\/span><\/span><\/span><\/p>\n<p><span style=\"line-height: 19px; font-size: small;\"><strong>Represented at<\/strong><\/span><\/p>\n<p><span style=\"line-height: 19px; font-size: small;\">Statens Konstr\u00e5d<\/span><\/p>\n<p><span style=\"line-height: 19px; font-size: small;\">Nordic Watercolor museum\/Akvarellmuseet Sk\u00e4rhamn<\/span><\/p>\n<p><span style=\"line-height: 19px; font-size: small;\">Landstinget G\u00e4vleborg; Barnkliniken p\u00e5 G\u00e4vle Sjukhus<\/span><\/p>\n<p><span style=\"line-height: 19px; font-size: small;\">Norrt\u00e4lje Kommun, Stadsbiblioteket<\/span><\/p>\n<p><span style=\"line-height: 19px; font-size: small;\">Ume\u00e5 Kommun: Stadsbiblioteket<\/span><\/p>\n<p><span style=\"line-height: 19px; font-size: small;\">Sandvikens kommun <\/span><\/p>\n<p><span style=\"line-height: 19px; font-size: small;\">Kungl. Vetenskapsakademien<br \/>\n<\/span><\/p>\n<p><strong style=\"line-height: 19px;\">Contact<\/strong><\/p>\n<p><span style=\"font-family: Times;\"><span style=\"font-size: small;\">phone: <\/span><\/span><span style=\"line-height: 19px; font-size: small;\">+46-70-9236444 <\/span><span style=\"line-height: 19px; font-size: small;\">mail: ase[at]asefrid.se<\/span><\/p>\n","protected":false},"excerpt":{"rendered":"<p>Born 1969 in Uppsala, Sweden. Lives and works at R\u00e5dmans\u00f6. Education Konstfack, 2018;\u00a0Skrivandets f\u00f6rhandlingar &#8211; konflikt och ansvar i text Konsth\u00f6gskolan Ume\u00e5 universitet (Academy of fine arts, Ume\u00e5 university) 1995\u20132000; Master of Fine arts, 2000 Artist in-residence Los Angeles, MAK &hellip; <a href=\"https:\/\/asefrid.se\/?page_id=117\">Continue reading <span class=\"meta-nav\">&rarr;<\/span><\/a><\/p>\n","protected":false},"author":1,"featured_media":0,"parent":0,"menu_order":0,"comment_status":"open","ping_status":"open","template":"","meta":[],"_links":{"self":[{"href":"https:\/\/asefrid.se\/index.php?rest_route=\/wp\/v2\/pages\/117"}],"collection":[{"href":"https:\/\/asefrid.se\/index.php?rest_route=\/wp\/v2\/pages"}],"about":[{"href":"https:\/\/asefrid.se\/index.php?rest_route=\/wp\/v2\/types\/page"}],"author":[{"embeddable":true,"href":"https:\/\/asefrid.se\/index.php?rest_route=\/wp\/v2\/users\/1"}],"replies":[{"embeddable":true,"href":"https:\/\/asefrid.se\/index.php?rest_route=%2Fwp%2Fv2%2Fcomments&post=117"}],"version-history":[{"count":31,"href":"https:\/\/asefrid.se\/index.php?rest_route=\/wp\/v2\/pages\/117\/revisions"}],"predecessor-version":[{"id":1025,"href":"https:\/\/asefrid.se\/index.php?rest_route=\/wp\/v2\/pages\/117\/revisions\/1025"}],"wp:attachment":[{"href":"https:\/\/asefrid.se\/index.php?rest_route=%2Fwp%2Fv2%2Fmedia&parent=117"}],"curies":[{"name":"wp","href":"https:\/\/api.w.org\/{rel}","templated":true}]}}