{"id":101,"date":"2012-04-04T08:45:58","date_gmt":"2012-04-04T08:45:58","guid":{"rendered":"http:\/\/asefrid.se\/?page_id=101"},"modified":"2018-11-22T20:22:45","modified_gmt":"2018-11-22T20:22:45","slug":"artwork","status":"publish","type":"page","link":"https:\/\/asefrid.se\/?page_id=101","title":{"rendered":"Work"},"content":{"rendered":"<p><a href=\"http:\/\/asefrid.se\/wp-content\/uploads\/2012\/04\/Duk_allm_betrStill.jpg\"><img decoding=\"async\" loading=\"lazy\" class=\"alignright size-large wp-image-612\" title=\"Duk_allm_betrStill\" src=\"http:\/\/asefrid.se\/wp-content\/uploads\/2012\/04\/Duk_allm_betrStill-1024x768.jpg\" alt=\"\" width=\"640\" height=\"480\" srcset=\"https:\/\/asefrid.se\/wp-content\/uploads\/2012\/04\/Duk_allm_betrStill-1024x768.jpg 1024w, https:\/\/asefrid.se\/wp-content\/uploads\/2012\/04\/Duk_allm_betrStill-300x225.jpg 300w\" sizes=\"(max-width: 640px) 100vw, 640px\" \/><\/a><\/p>\n<p><em>Duk f\u00f6r allm\u00e4n betraktelse <\/em>Film projected onto 150 x 100 cm Arches-paper, 2014<\/p>\n<p>2011 Utst\u00e4llning och reading, Uppsala konsthall, Curators Johanna Udden samt Erik Hedman 2011, \u00c5se Frids diktsamling <a href=\"http:\/\/https:\/\/soundcloud.com\/asefrid\/1-poesilabbet\"><br \/>\n<\/a><a href=\"https:\/\/soundcloud.com\/asefrid\/1-poesilabbet\"><br \/>\nhttp:\/\/uppsalakonsthall.se\/?page_id=82<\/a><\/p>\n<blockquote class=\"wp-embedded-content\" data-secret=\"28ZqygKEfZ\"><p><a href=\"http:\/\/asefrid.se\/?page_id=215\">Recent\/archive<\/a><\/p><\/blockquote>\n<p><iframe class=\"wp-embedded-content\" sandbox=\"allow-scripts\" security=\"restricted\" style=\"position: absolute; clip: rect(1px, 1px, 1px, 1px);\" src=\"http:\/\/asefrid.se\/?page_id=215&#038;embed=true#?secret=28ZqygKEfZ\" data-secret=\"28ZqygKEfZ\" width=\"600\" height=\"338\" title=\"&#8220;Recent\/archive&#8221; &#8212; \u00c5se Frid\" frameborder=\"0\" marginwidth=\"0\" marginheight=\"0\" scrolling=\"no\"><\/iframe><\/p>\n","protected":false},"excerpt":{"rendered":"<p>Duk f\u00f6r allm\u00e4n betraktelse Film projected onto 150 x 100 cm Arches-paper, 2014 2011 Utst\u00e4llning och reading, Uppsala konsthall, Curators Johanna Udden samt Erik Hedman 2011, \u00c5se Frids diktsamling http:\/\/uppsalakonsthall.se\/?page_id=82 Recent\/archive<\/p>\n","protected":false},"author":1,"featured_media":0,"parent":0,"menu_order":1,"comment_status":"open","ping_status":"open","template":"","meta":[],"_links":{"self":[{"href":"https:\/\/asefrid.se\/index.php?rest_route=\/wp\/v2\/pages\/101"}],"collection":[{"href":"https:\/\/asefrid.se\/index.php?rest_route=\/wp\/v2\/pages"}],"about":[{"href":"https:\/\/asefrid.se\/index.php?rest_route=\/wp\/v2\/types\/page"}],"author":[{"embeddable":true,"href":"https:\/\/asefrid.se\/index.php?rest_route=\/wp\/v2\/users\/1"}],"replies":[{"embeddable":true,"href":"https:\/\/asefrid.se\/index.php?rest_route=%2Fwp%2Fv2%2Fcomments&post=101"}],"version-history":[{"count":24,"href":"https:\/\/asefrid.se\/index.php?rest_route=\/wp\/v2\/pages\/101\/revisions"}],"predecessor-version":[{"id":874,"href":"https:\/\/asefrid.se\/index.php?rest_route=\/wp\/v2\/pages\/101\/revisions\/874"}],"wp:attachment":[{"href":"https:\/\/asefrid.se\/index.php?rest_route=%2Fwp%2Fv2%2Fmedia&parent=101"}],"curies":[{"name":"wp","href":"https:\/\/api.w.org\/{rel}","templated":true}]}}