{"id":215,"date":"2012-04-11T22:19:54","date_gmt":"2012-04-11T22:19:54","guid":{"rendered":"http:\/\/asefrid.se\/?page_id=215"},"modified":"2026-03-08T12:19:17","modified_gmt":"2026-03-08T12:19:17","slug":"newsnyheter","status":"publish","type":"page","link":"http:\/\/asefrid.se\/?page_id=215","title":{"rendered":""},"content":{"rendered":"<p><strong>Norrt\u00e4lje konsthall<\/strong> April 2-May 16, 2026 Eat the fruit!<\/p>\n<p><a href=\"http:\/\/asefrid.se\/wp-content\/uploads\/2026\/03\/kamratJesus-rotated.jpg\"><img decoding=\"async\" loading=\"lazy\" class=\"alignright  wp-image-1017\" src=\"http:\/\/asefrid.se\/wp-content\/uploads\/2026\/03\/kamratJesus-768x1024.jpg\" alt=\"\" width=\"643\" height=\"857\" srcset=\"http:\/\/asefrid.se\/wp-content\/uploads\/2026\/03\/kamratJesus-768x1024.jpg 768w, http:\/\/asefrid.se\/wp-content\/uploads\/2026\/03\/kamratJesus-225x300.jpg 225w, http:\/\/asefrid.se\/wp-content\/uploads\/2026\/03\/kamratJesus-1152x1536.jpg 1152w, http:\/\/asefrid.se\/wp-content\/uploads\/2026\/03\/kamratJesus-rotated.jpg 1512w\" sizes=\"(max-width: 643px) 100vw, 643px\" \/><\/a><\/p>\n<p><em>\u00a0 \u00a0 \u00a0 <\/em><\/p>\n<p><em>Kamrat Jesus (comrade Jesus)<\/em>, 2026, gold ink, watercolor and ink marker on cotton paper, 56&#215;76 cm (cropped image)<\/p>\n<p><a href=\"http:\/\/asefrid.se\/wp-content\/uploads\/2026\/03\/Bjornen_collage.jpg\"><img decoding=\"async\" loading=\"lazy\" class=\"alignright size-large wp-image-1019\" src=\"http:\/\/asefrid.se\/wp-content\/uploads\/2026\/03\/Bjornen_collage-998x1024.jpg\" alt=\"\" width=\"640\" height=\"657\" srcset=\"http:\/\/asefrid.se\/wp-content\/uploads\/2026\/03\/Bjornen_collage-998x1024.jpg 998w, http:\/\/asefrid.se\/wp-content\/uploads\/2026\/03\/Bjornen_collage-292x300.jpg 292w, http:\/\/asefrid.se\/wp-content\/uploads\/2026\/03\/Bjornen_collage-768x788.jpg 768w, http:\/\/asefrid.se\/wp-content\/uploads\/2026\/03\/Bjornen_collage.jpg 1385w\" sizes=\"(max-width: 640px) 100vw, 640px\" \/><\/a><\/p>\n<p><em>Bj\u00f6rnen som steg upp (the bear that rose)<\/em>, collage, watercolor, ink, charcoal on paper, 2026<\/p>\n<p><strong>Galleri Rostrum, Malm\u00f6 <\/strong>August 30-September 21, 2025 <em>Den heliga skriften\/The holy scripture<\/em><\/p>\n<p style=\"font-weight: 400;\">\u00c5se Frid describes her work as connected to the holy work of medieval monks, illuminating holy scriptures. The concentration and the endless work creates a dreamlike state, and merges with the chance of color spread on the paper. Her work involves her own writings and poetry, qoutations from books or newspapers and surrealistic writings.<\/p>\n<p style=\"font-weight: 400;\">She works with text-based watercolor and ink, film installations and poetry. Her work investigates relations between language, image, dream, humour and contemplation.<\/p>\n<p style=\"font-weight: 400;\">The white of the paper is saved out inside the little marker-written letters, the warp of the painting, to which she relates in time and with watercolor around the text. This way of writing and painting started in Los Angeles in 1997 where she started making meticulously painted travel letters to the king of Sweden and to Iggy Pop. Recently she has been copying letters and writings from Emanuel Swedenborg (1688-1772) and other artists and writers and made watercolors starting from the quotations. She has also made works that starts with \u201dfalse friends\u201d, a linguistic term for words from different languages that look the same but have different meanings, such as \u201dbarn\u201d; meaning child in Swedish, but something else in English. She encircles these words in repetitive painting.<\/p>\n<p><strong><a href=\"http:\/\/asefrid.se\/wp-content\/uploads\/2026\/03\/SwedenborgsexerpterII.jpg\"><img decoding=\"async\" loading=\"lazy\" class=\"alignright size-large wp-image-1014\" src=\"http:\/\/asefrid.se\/wp-content\/uploads\/2026\/03\/SwedenborgsexerpterII-768x1024.jpg\" alt=\"\" width=\"640\" height=\"853\" srcset=\"http:\/\/asefrid.se\/wp-content\/uploads\/2026\/03\/SwedenborgsexerpterII-768x1024.jpg 768w, http:\/\/asefrid.se\/wp-content\/uploads\/2026\/03\/SwedenborgsexerpterII-225x300.jpg 225w, http:\/\/asefrid.se\/wp-content\/uploads\/2026\/03\/SwedenborgsexerpterII-1152x1536.jpg 1152w, http:\/\/asefrid.se\/wp-content\/uploads\/2026\/03\/SwedenborgsexerpterII.jpg 1512w\" sizes=\"(max-width: 640px) 100vw, 640px\" \/><\/a><\/strong><\/p>\n<p><em>Swedenborgsexcerpter II<\/em>, 2024-2025, Watercolor and ink marker on cotton paper, 56&#215;76 cm.<\/p>\n<p><strong>\u00a0 \u00a0 \u00a0 \u00a0 \u00a0 \u00a0 \u00a0 \u00a0 \u00a0 \u00a0 \u00a0 \u00a0 \u00a0 \u00a0 \u00a0 \u00a0 \u00a0 \u00a0 \u00a0 \u00a0 \u00a0 \u00a0 \u00a0 \u00a0 \u00a0 \u00a0 \u00a0 \u00a0 \u00a0 \u00a0 \u00a0 \u00a0 \u00a0 \u00a0 \u00a0 \u00a0 \u00a0 \u00a0 \u00a0 \u00a0 \u00a0 \u00a0 \u00a0 \u00a0 \u00a0 \u00a0 \u00a0 \u00a0 \u00a0 \u00a0 \u00a0 \u00a0 \u00a0 \u00a0 \u00a0 \u00a0 \u00a0 \u00a0 \u00a0 \u00a0 \u00a0 \u00a0 \u00a0 \u00a0 \u00a0 \u00a0 \u00a0 \u00a0 \u00a0 \u00a0 \u00a0 \u00a0 \u00a0 \u00a0 \u00a0 \u00a0 \u00a0Detroit Stockholm gallery <\/strong>October 7-16 2022 <em>Uncomplete Dictionary (chapter 2)<\/em><\/p>\n<div class=\"\">\n<div><\/div>\n<div class=\"kmwttqpk l7ghb35v kjdc1dyq gh25dzvf jikcssrz\">\u00c5se Frid works with text-based water color and ink on paper, and with film installations and readings of her own texts. With water-based media she investigates the relations between language, image, dream and contemplation, the understanding och non-understanding of human interrelational communication drama.<\/div>\n<div class=\"kmwttqpk l7ghb35v kjdc1dyq gh25dzvf jikcssrz\">The work is often guided by rules of the meticulous; the picture is slowly painted, like weaving, around the hollowed letters, who makes the \u201dwarp\u201d of the painting.<\/div>\n<div class=\"kmwttqpk l7ghb35v kjdc1dyq gh25dzvf jikcssrz\">The paper\u00b4s white, a watercolor principle of saving the unpainted areas in order to \u201dproduce white color\u201d, is saved when the color is filled inside and around the hollow letters. This slow work creates dreamy timebubbles of meditation and reflection.<\/div>\n<div class=\"kmwttqpk l7ghb35v kjdc1dyq gh25dzvf jikcssrz\">In her project Uncomplete dictionary, questions of linguistic and pictorial translation are central. An example is Swedish\/Foreign False Friends Glossary, a series of ink- and watercolor painting, decided by \u201dfalse friends\u201d, a linguistic term for words in different languages that look similar but mean different things; like \u201dbarn\u201d for a barn in English and meaning \u201dchild\u201d in Swedish; \u201dstock\u201d, meaning stock, stock market in English, and \u201dlog\u201d in Swedish, and \u201dlog\u201d in it\u00b4s turn meaning \u201dsmiled\u201d in Swedish&#8230;<\/div>\n<div class=\"kmwttqpk l7ghb35v kjdc1dyq gh25dzvf jikcssrz\">The paired words follow eachother in winding, circular forms, the emerging image creating new meanings, or perhaps non-meanings, like a shamanistic mantra where the words literally are circled.<\/div>\n<div class=\"kmwttqpk l7ghb35v kjdc1dyq gh25dzvf jikcssrz\">\u00c5se Frid is born 1969 in Uppsala. She took her MFA at Ume\u00e5 Academy of fine arts 2000, and has lived and worked in Malm\u00f6, LA and Sandviken, Sweden. She currently lives at R\u00e5dmans\u00f6. She is represented at the Nordic Watercolor Museum, at Public Art Agency Sweden, and in collections of regions and municipalities. She received a 1-year stipend from the Swedish Arts Grants Commitee a couple of years ago and a stipend from the Royal Swedish Academy of Fine arts last year.Solo exhibitions include Norrt\u00e4lje konsthall 2019, Vallentuna kulturhus 2019, Gallery 54 Gothenburg 2017, Wip Konsthall 2015.<\/div>\n<div class=\"kmwttqpk l7ghb35v kjdc1dyq gh25dzvf jikcssrz\">Contact:\u00a0<br class=\"\" \/>\u00c5se Frid\u00a0<br class=\"\" \/><a class=\"\" href=\"mailto:ase@asefrid.se\">Email: ase@asefrid.se<\/a><br class=\"\" \/>Phone: 0709-236444<\/div>\n<div class=\"kmwttqpk l7ghb35v kjdc1dyq gh25dzvf jikcssrz\">Detroit Stockholm<br class=\"\" \/>Roslagsgatan 21<br class=\"\" \/><span class=\"\" style=\"font-family: inherit;\"><span class=\"\"><a class=\"\" href=\"http:\/\/www.detroitstockholm.info\/\">www.detroitstockholm.info<\/a><\/span><\/span><\/div>\n<div>\n<p><a href=\"http:\/\/asefrid.se\/wp-content\/uploads\/2022\/09\/Swe_Foreign_Sure.jpg\"><img decoding=\"async\" loading=\"lazy\" class=\"size-large wp-image-969\" src=\"http:\/\/asefrid.se\/wp-content\/uploads\/2022\/09\/Swe_Foreign_Sure-811x1024.jpg\" alt=\"\" width=\"640\" height=\"808\" srcset=\"http:\/\/asefrid.se\/wp-content\/uploads\/2022\/09\/Swe_Foreign_Sure-811x1024.jpg 811w, http:\/\/asefrid.se\/wp-content\/uploads\/2022\/09\/Swe_Foreign_Sure-237x300.jpg 237w, http:\/\/asefrid.se\/wp-content\/uploads\/2022\/09\/Swe_Foreign_Sure-768x970.jpg 768w, http:\/\/asefrid.se\/wp-content\/uploads\/2022\/09\/Swe_Foreign_Sure.jpg 1299w\" sizes=\"(max-width: 640px) 100vw, 640px\" \/><\/a><\/p>\n<\/div>\n<\/div>\n<p><strong><a href=\"http:\/\/asefrid.se\/wp-content\/uploads\/2022\/09\/Ghost_Comma.jpg\"><img decoding=\"async\" loading=\"lazy\" class=\"alignright size-large wp-image-970\" src=\"http:\/\/asefrid.se\/wp-content\/uploads\/2022\/09\/Ghost_Comma-1024x773.jpg\" alt=\"\" width=\"640\" height=\"483\" srcset=\"http:\/\/asefrid.se\/wp-content\/uploads\/2022\/09\/Ghost_Comma-1024x773.jpg 1024w, http:\/\/asefrid.se\/wp-content\/uploads\/2022\/09\/Ghost_Comma-300x227.jpg 300w, http:\/\/asefrid.se\/wp-content\/uploads\/2022\/09\/Ghost_Comma-768x580.jpg 768w, http:\/\/asefrid.se\/wp-content\/uploads\/2022\/09\/Ghost_Comma.jpg 1535w\" sizes=\"(max-width: 640px) 100vw, 640px\" \/><\/a><\/strong><\/p>\n<p><strong>Konstgalleriet H\u00e4lleforsn\u00e4s, Flens kommun <\/strong>December 2020-January 2021<strong><br \/>\n<\/strong><\/p>\n<p><a href=\"http:\/\/asefrid.se\/wp-content\/uploads\/2021\/01\/IMG_0702.jpg\"><img decoding=\"async\" loading=\"lazy\" class=\"alignright size-large wp-image-954\" src=\"http:\/\/asefrid.se\/wp-content\/uploads\/2021\/01\/IMG_0702-793x1024.jpg\" alt=\"\" width=\"640\" height=\"826\" srcset=\"http:\/\/asefrid.se\/wp-content\/uploads\/2021\/01\/IMG_0702-793x1024.jpg 793w, http:\/\/asefrid.se\/wp-content\/uploads\/2021\/01\/IMG_0702-232x300.jpg 232w, http:\/\/asefrid.se\/wp-content\/uploads\/2021\/01\/IMG_0702-768x992.jpg 768w\" sizes=\"(max-width: 640px) 100vw, 640px\" \/><\/a><\/p>\n<p><em>Swedish-Foreign False Friends Glossary (Stake), watercolor and ink on paper, 76 x 56 cm, 2020<\/em><strong><br \/>\n<\/strong><\/p>\n<p><strong>Vallentuna kulturhus\/Konstkuben <\/strong>October\/November 2019<strong><br \/>\n<\/strong><\/p>\n<p><a href=\"http:\/\/asefrid.se\/wp-content\/uploads\/2021\/01\/Vallentuna_Fo\u0308rstava\u0308gg.jpg\"><img decoding=\"async\" loading=\"lazy\" class=\"size-large wp-image-950\" src=\"http:\/\/asefrid.se\/wp-content\/uploads\/2021\/01\/Vallentuna_Fo\u0308rstava\u0308gg-1024x583.jpg\" alt=\"\" width=\"640\" height=\"364\" srcset=\"http:\/\/asefrid.se\/wp-content\/uploads\/2021\/01\/Vallentuna_Fo\u0308rstava\u0308gg-1024x583.jpg 1024w, http:\/\/asefrid.se\/wp-content\/uploads\/2021\/01\/Vallentuna_Fo\u0308rstava\u0308gg-300x171.jpg 300w, http:\/\/asefrid.se\/wp-content\/uploads\/2021\/01\/Vallentuna_Fo\u0308rstava\u0308gg-768x437.jpg 768w\" sizes=\"(max-width: 640px) 100vw, 640px\" \/><\/a><\/p>\n<p><a href=\"http:\/\/asefrid.se\/wp-content\/uploads\/2021\/01\/Vallentuna_va\u0308gg1_2.jpg\"><img decoding=\"async\" loading=\"lazy\" class=\"size-large wp-image-951\" src=\"http:\/\/asefrid.se\/wp-content\/uploads\/2021\/01\/Vallentuna_va\u0308gg1_2-1024x729.jpg\" alt=\"\" width=\"640\" height=\"456\" srcset=\"http:\/\/asefrid.se\/wp-content\/uploads\/2021\/01\/Vallentuna_va\u0308gg1_2-1024x729.jpg 1024w, http:\/\/asefrid.se\/wp-content\/uploads\/2021\/01\/Vallentuna_va\u0308gg1_2-300x214.jpg 300w, http:\/\/asefrid.se\/wp-content\/uploads\/2021\/01\/Vallentuna_va\u0308gg1_2-768x547.jpg 768w\" sizes=\"(max-width: 640px) 100vw, 640px\" \/><\/a><\/p>\n<p><a href=\"http:\/\/asefrid.se\/wp-content\/uploads\/2021\/01\/Vallentuna_Va\u0308gg1_na\u0308rbild.jpg\"><img decoding=\"async\" loading=\"lazy\" class=\"size-large wp-image-952\" src=\"http:\/\/asefrid.se\/wp-content\/uploads\/2021\/01\/Vallentuna_Va\u0308gg1_na\u0308rbild-1024x576.jpg\" alt=\"\" width=\"640\" height=\"360\" srcset=\"http:\/\/asefrid.se\/wp-content\/uploads\/2021\/01\/Vallentuna_Va\u0308gg1_na\u0308rbild-1024x576.jpg 1024w, http:\/\/asefrid.se\/wp-content\/uploads\/2021\/01\/Vallentuna_Va\u0308gg1_na\u0308rbild-300x169.jpg 300w, http:\/\/asefrid.se\/wp-content\/uploads\/2021\/01\/Vallentuna_Va\u0308gg1_na\u0308rbild-768x432.jpg 768w\" sizes=\"(max-width: 640px) 100vw, 640px\" \/><\/a><\/p>\n<p><strong>Norrt\u00e4lje konsthall <\/strong>August-October 2019<\/p>\n<p><a href=\"http:\/\/asefrid.se\/wp-content\/uploads\/2019\/11\/John_H_Rum1a.jpg\"><img decoding=\"async\" loading=\"lazy\" class=\"alignright size-large wp-image-913\" src=\"http:\/\/asefrid.se\/wp-content\/uploads\/2019\/11\/John_H_Rum1a-1024x613.jpg\" alt=\"\" width=\"640\" height=\"383\" srcset=\"http:\/\/asefrid.se\/wp-content\/uploads\/2019\/11\/John_H_Rum1a-1024x613.jpg 1024w, http:\/\/asefrid.se\/wp-content\/uploads\/2019\/11\/John_H_Rum1a-300x180.jpg 300w, http:\/\/asefrid.se\/wp-content\/uploads\/2019\/11\/John_H_Rum1a-768x460.jpg 768w\" sizes=\"(max-width: 640px) 100vw, 640px\" \/><\/a><\/p>\n<p><a href=\"http:\/\/asefrid.se\/wp-content\/uploads\/2019\/11\/Swe_foreign_BARN.jpg\"><img decoding=\"async\" loading=\"lazy\" class=\"size-large wp-image-934\" src=\"http:\/\/asefrid.se\/wp-content\/uploads\/2019\/11\/Swe_foreign_BARN-782x1024.jpg\" alt=\"\" width=\"640\" height=\"838\" srcset=\"http:\/\/asefrid.se\/wp-content\/uploads\/2019\/11\/Swe_foreign_BARN-782x1024.jpg 782w, http:\/\/asefrid.se\/wp-content\/uploads\/2019\/11\/Swe_foreign_BARN-229x300.jpg 229w, http:\/\/asefrid.se\/wp-content\/uploads\/2019\/11\/Swe_foreign_BARN-768x1006.jpg 768w, http:\/\/asefrid.se\/wp-content\/uploads\/2019\/11\/Swe_foreign_BARN.jpg 1654w\" sizes=\"(max-width: 640px) 100vw, 640px\" \/><\/a><\/p>\n<p><strong>Galleri 54, G\u00f6teborg <\/strong>26\/5-18\/6 2017 <em>Jag vill olla naturen\/kungen \u00e4r med djuren <\/em>teckningsinstallation<\/p>\n<p><a href=\"http:\/\/asefrid.se\/wp-content\/uploads\/2012\/04\/Teckn_vy_ollesfoto.jpg\"><img decoding=\"async\" loading=\"lazy\" class=\"alignright size-large wp-image-772\" title=\"Teckn_vy_ollesfoto\" src=\"http:\/\/asefrid.se\/wp-content\/uploads\/2012\/04\/Teckn_vy_ollesfoto-1024x744.jpg\" alt=\"\" width=\"640\" height=\"465\" srcset=\"http:\/\/asefrid.se\/wp-content\/uploads\/2012\/04\/Teckn_vy_ollesfoto-1024x744.jpg 1024w, http:\/\/asefrid.se\/wp-content\/uploads\/2012\/04\/Teckn_vy_ollesfoto-300x218.jpg 300w\" sizes=\"(max-width: 640px) 100vw, 640px\" \/><\/a><\/p>\n<p><strong>Nordiska Akvarellmuseet<\/strong>, workshop 20.8 2016 <em>Den stora teckningsfesten <a href=\"http:\/\/akvarellmuseet.org\/aktivitet\/teckningsfesten2016\">teckningsfesten2016<\/a><\/em><\/p>\n<p><strong><em>Rows Unitys<\/em>, <\/strong>Poetry, sound, performance<strong> Norrt\u00e4lje konsthall 8.4 2016<\/strong><\/p>\n<p>Curator: \u00c5se Frid. Participants:<\/p>\n<p style=\"text-align: left;\"><a href=\"http:\/\/asefrid.se\/wp-content\/uploads\/2012\/04\/IMG_19571.jpg\"><img decoding=\"async\" loading=\"lazy\" class=\"alignright size-medium wp-image-521\" title=\"IMG_1957\" src=\"http:\/\/asefrid.se\/wp-content\/uploads\/2012\/04\/IMG_19571-300x225.jpg\" alt=\"\" width=\"300\" height=\"225\" srcset=\"http:\/\/asefrid.se\/wp-content\/uploads\/2012\/04\/IMG_19571-300x225.jpg 300w, http:\/\/asefrid.se\/wp-content\/uploads\/2012\/04\/IMG_19571-1024x768.jpg 1024w\" sizes=\"(max-width: 300px) 100vw, 300px\" \/><\/a><\/p>\n<p style=\"text-align: left;\"><a href=\"http:\/\/asefrid.se\/wp-content\/uploads\/2012\/04\/IMG_1961.jpg\"><img decoding=\"async\" loading=\"lazy\" class=\"alignright size-thumbnail wp-image-523\" title=\"Rows Christina k\" src=\"http:\/\/asefrid.se\/wp-content\/uploads\/2012\/04\/IMG_1961-150x150.jpg\" alt=\"\" width=\"150\" height=\"150\" \/><\/a><\/p>\n<p style=\"text-align: left;\">Iwo Myrin\/CM Lundberg: Sound act\/ljud <em>Katten och Bj\u00f6rnen<\/em>; Christina Kullman: <em>Diktuppl\u00e4sning vid anslagstavla<\/em>; Nathalie Wuerth: <em>No title (vokal interpretation of a\u00a0vacuum cleaner\/ ljudtolkning av en dammsugare)<\/em><\/p>\n<p style=\"text-align: left;\"><strong>Nordiska akvarellmus\u00e9et\u00a020.3\u20134.9 2016 <\/strong><em>Second Storey \u2013 From The Museum\u2019s Collection<\/em><\/p>\n<div title=\"Page 3\">\n<div title=\"Page 3\">\n<p>The exhibition on the museum\u2019s second floor presents gurative images depicting contemporary residents and historic people. We ask ourselves: What stories do these gures bear? Throughout time, narratives and tales have tried to teach us something about our world. We examine what a story really is \u2013 is it the people in it or something in the borderland between fact and fiction?<\/p>\n<p>Medverkande konstn\u00e4rer \/ Participating artists: Vanessa Baird, Sigga Bj\u00f6rg Sigur\u00f0ardottir, Cecilia Edefalk, Eva &amp; Adele, \u00c5se Frid, Lars Lerin, Elina Merenmies, Mari Sunna, Eva Vilne.<\/p>\n<p><a href=\"http:\/\/asefrid.se\/wp-content\/uploads\/2012\/04\/IMG_0580.jpg\"><img decoding=\"async\" loading=\"lazy\" class=\"alignright size-medium wp-image-525\" title=\"King II\" src=\"http:\/\/asefrid.se\/wp-content\/uploads\/2012\/04\/IMG_0580-300x300.jpg\" alt=\"\" width=\"300\" height=\"300\" srcset=\"http:\/\/asefrid.se\/wp-content\/uploads\/2012\/04\/IMG_0580-300x300.jpg 300w, http:\/\/asefrid.se\/wp-content\/uploads\/2012\/04\/IMG_0580-150x150.jpg 150w, http:\/\/asefrid.se\/wp-content\/uploads\/2012\/04\/IMG_0580.jpg 640w\" sizes=\"(max-width: 300px) 100vw, 300px\" \/><\/a>From the collections of The Nordic Watercolor Museum,\u00a0<em>Kingletter II<\/em> \u00c5se Frid 1998-2000<\/p>\n<\/div>\n<\/div>\n<p><strong>Guesteditor to The Nordic Watercolor Instagram-account May 2016<\/strong> #namguest #\u00e5sefrid #akvarellmuseet<\/p>\n<p><a href=\"http:\/\/asefrid.se\/wp-content\/uploads\/2012\/04\/IMG_0179.jpg\"><img decoding=\"async\" loading=\"lazy\" class=\"alignright size-medium wp-image-528\" title=\"IMG_0179\" src=\"http:\/\/asefrid.se\/wp-content\/uploads\/2012\/04\/IMG_0179-169x300.jpg\" alt=\"\" width=\"169\" height=\"300\" srcset=\"http:\/\/asefrid.se\/wp-content\/uploads\/2012\/04\/IMG_0179-169x300.jpg 169w, http:\/\/asefrid.se\/wp-content\/uploads\/2012\/04\/IMG_0179-576x1024.jpg 576w, http:\/\/asefrid.se\/wp-content\/uploads\/2012\/04\/IMG_0179.jpg 640w\" sizes=\"(max-width: 169px) 100vw, 169px\" \/><\/a><br \/>\n<a href=\"http:\/\/asefrid.se\/wp-content\/uploads\/2012\/04\/IMG_0181.jpg\"><img decoding=\"async\" loading=\"lazy\" class=\"size-medium wp-image-529 alignright\" title=\"IMG_0181\" src=\"http:\/\/asefrid.se\/wp-content\/uploads\/2012\/04\/IMG_0181-300x300.jpg\" alt=\"\" width=\"300\" height=\"300\" srcset=\"http:\/\/asefrid.se\/wp-content\/uploads\/2012\/04\/IMG_0181-300x300.jpg 300w, http:\/\/asefrid.se\/wp-content\/uploads\/2012\/04\/IMG_0181-150x150.jpg 150w, http:\/\/asefrid.se\/wp-content\/uploads\/2012\/04\/IMG_0181-1024x1024.jpg 1024w\" sizes=\"(max-width: 300px) 100vw, 300px\" \/><\/a><\/p>\n<p><strong>Diktsamlingen<\/strong> <em>Fulltext exemplar<\/em> (\u00c5se Frid, 2011-2015) publicerad i 3 delar p\u00e5<\/p>\n<p>litteratur- och konsttidskriften <strong>Floret<\/strong> h\u00f6sten 2015\/Collection of poems in 3 chapters at:<\/p>\n<p><a href=\"http:\/\/floret.se\/vagen-till-larissa\/\">V\u00e4gen till Larissa<\/a><br \/>\n<a href=\"http:\/\/floret.se\/jobbet-mitt\/\">Jobbet mitt<\/a><\/p>\n<p><a href=\"http:\/\/floret.se\/diarium-omnibus\/\">Diarium omnibus<\/a><\/p>\n<p><strong>Avesta konsthall <\/strong><em>Road to Larissa: Viscum album<\/em> 30\/5-9\/7 2015 (poetry sculptures, water colors, sound work)<\/p>\n<p><strong>Galleri Se konst, Falun<\/strong> <em>Shifting the focus (<\/em>copper works\/graphic\u00a0prints, summer 2015)<br \/>\n<a href=\"http:\/\/www.gallerise.se\/shiftingthefocus.html\">shiftingthefocus.html<\/a><\/p>\n<p><strong>Wip konsthall, \u00c5rstaberg, Stockholm<\/strong> 5\/6-14\/6 2015 (poetry sculptures, artist book, water colors, installation)<\/p>\n<p>Poetry sculptures, watercolors and artist book<br \/>\n\/collection of poems &#8220;Fulltext exemplar&#8221; from exhibition at Wip:konsthall, Stockholm, spring 2015<br \/>\nThe name in the exhibition title, Larissa, as in Road to Larissa is both literally my middle name and the problem by Plato in Meno, how to find the way there. No one can teach us, it\u00b4s up to us to find it.<br \/>\nIt is also a chapter in a poetry collection by me and coincides with roads around small desolated villages in countryside Sweden, personal history, a lake called V\u00e4llen, cultural geography, political anxiety.<br \/>\nUtst\u00e4llningens titel sammanfaller med Platons text om v\u00e4gen till Larissa, med v\u00e4gen till byar runt V\u00e4llen i Alunda, Uppland, och med personlig historia, kulturgeografi och politisk \u00e5ngest och \u00e4r ocks\u00e5 ett kapitel i min diktsamling Fulltext exemplar.<\/p>\n<p>Februari 2015: 4 dikter\/poems ur\/from \u00c5se Frids diktsamling\/collection of poems\u00a0<em>Fulltext exemplar <\/em>samt en akvarell\/watercolor, <em>Computer III<\/em>, publicerade\/published at\/i Fikssion#100,\u00a0<a href=\"http:\/\/fikssion.se\">http:\/\/fikssion.se<\/a><\/p>\n<p><strong>Fylkingen<\/strong>, Stockholm performance <em>Fulltext exemplar <\/em>och utst\u00e4llning 2014<\/p>\n<p><a href=\"http:\/\/asefrid.se\/wp-content\/uploads\/2012\/04\/fulltext_book.jpg\"><img decoding=\"async\" loading=\"lazy\" class=\"size-large wp-image-650 alignleft\" title=\"fulltext_book\" src=\"http:\/\/asefrid.se\/wp-content\/uploads\/2012\/04\/fulltext_book-1024x780.jpg\" alt=\"\" width=\"307\" height=\"234\" srcset=\"http:\/\/asefrid.se\/wp-content\/uploads\/2012\/04\/fulltext_book-1024x780.jpg 1024w, http:\/\/asefrid.se\/wp-content\/uploads\/2012\/04\/fulltext_book-300x228.jpg 300w, http:\/\/asefrid.se\/wp-content\/uploads\/2012\/04\/fulltext_book.jpg 1200w\" sizes=\"(max-width: 307px) 100vw, 307px\" \/><\/a><\/p>\n<p><a href=\"http:\/\/asefrid.se\/wp-content\/uploads\/2012\/04\/Computer_I1.jpg\"><img decoding=\"async\" loading=\"lazy\" class=\"size-medium wp-image-311 aligncenter\" title=\"Computer I\" src=\"http:\/\/asefrid.se\/wp-content\/uploads\/2012\/04\/Computer_I1-217x300.jpg\" alt=\"\" width=\"513\" height=\"709\" srcset=\"http:\/\/asefrid.se\/wp-content\/uploads\/2012\/04\/Computer_I1-217x300.jpg 217w, http:\/\/asefrid.se\/wp-content\/uploads\/2012\/04\/Computer_I1-742x1024.jpg 742w\" sizes=\"(max-width: 513px) 100vw, 513px\" \/><\/a><\/p>\n<p><a href=\"http:\/\/asefrid.se\/wp-content\/uploads\/2012\/04\/scannergirl-1.jpg\"><img decoding=\"async\" loading=\"lazy\" class=\"size-large wp-image-341 aligncenter\" title=\"Scanner girl I\" src=\"http:\/\/asefrid.se\/wp-content\/uploads\/2012\/04\/scannergirl-1-764x1024.jpg\" alt=\"\" width=\"533\" height=\"714\" srcset=\"http:\/\/asefrid.se\/wp-content\/uploads\/2012\/04\/scannergirl-1-764x1024.jpg 764w, http:\/\/asefrid.se\/wp-content\/uploads\/2012\/04\/scannergirl-1-224x300.jpg 224w, http:\/\/asefrid.se\/wp-content\/uploads\/2012\/04\/scannergirl-1.jpg 1063w\" sizes=\"(max-width: 533px) 100vw, 533px\" \/><\/a><\/p>\n<p style=\"text-align: center;\"><a href=\"http:\/\/asefrid.se\/wp-content\/uploads\/2012\/04\/Dimkammaren.jpg\"><img decoding=\"async\" loading=\"lazy\" class=\"size-medium wp-image-314 aligncenter\" title=\"Dimkammare\" src=\"http:\/\/asefrid.se\/wp-content\/uploads\/2012\/04\/Dimkammaren-215x300.jpg\" alt=\"\" width=\"567\" height=\"791\" \/><\/a><em>Computer I<\/em>, <em>Scanner girl I <\/em>and <em>Cloud chamber<\/em>,\u00a0watercolor and ink on paper, 60 x 80 cm \u00c5se Frid 2014. From At an exhibition at <strong>Norrt\u00e4lje konsthall<\/strong> 26 april &#8211; 1 juni 2014, <em>Observationer <\/em>\u00c5se Frid\/Johan Frid<\/p>\n<p><span style=\"color: #000000;\"><strong><strong>L\u00f6rdag 26\/4 2014 kl 13<\/strong><br \/>\nVernissage: <\/strong><em>Observationer<\/em> med \u00c5se och Johan Frid. Daniel Werkm\u00e4ster, musei-och konsthallschef, inviger utst\u00e4llningen kl 13.<\/span><\/p>\n","protected":false},"excerpt":{"rendered":"<p>Norrt\u00e4lje konsthall April 2-May 16, 2026 Eat the fruit! \u00a0 \u00a0 \u00a0 Kamrat Jesus (comrade Jesus), 2026, gold ink, watercolor and ink marker on cotton paper, 56&#215;76 cm (cropped image) Bj\u00f6rnen som steg upp (the bear that rose), collage, watercolor, &hellip; <a href=\"http:\/\/asefrid.se\/?page_id=215\">Continue reading <span class=\"meta-nav\">&rarr;<\/span><\/a><\/p>\n","protected":false},"author":1,"featured_media":0,"parent":0,"menu_order":0,"comment_status":"open","ping_status":"open","template":"","meta":[],"_links":{"self":[{"href":"http:\/\/asefrid.se\/index.php?rest_route=\/wp\/v2\/pages\/215"}],"collection":[{"href":"http:\/\/asefrid.se\/index.php?rest_route=\/wp\/v2\/pages"}],"about":[{"href":"http:\/\/asefrid.se\/index.php?rest_route=\/wp\/v2\/types\/page"}],"author":[{"embeddable":true,"href":"http:\/\/asefrid.se\/index.php?rest_route=\/wp\/v2\/users\/1"}],"replies":[{"embeddable":true,"href":"http:\/\/asefrid.se\/index.php?rest_route=%2Fwp%2Fv2%2Fcomments&post=215"}],"version-history":[{"count":93,"href":"http:\/\/asefrid.se\/index.php?rest_route=\/wp\/v2\/pages\/215\/revisions"}],"predecessor-version":[{"id":1020,"href":"http:\/\/asefrid.se\/index.php?rest_route=\/wp\/v2\/pages\/215\/revisions\/1020"}],"wp:attachment":[{"href":"http:\/\/asefrid.se\/index.php?rest_route=%2Fwp%2Fv2%2Fmedia&parent=215"}],"curies":[{"name":"wp","href":"https:\/\/api.w.org\/{rel}","templated":true}]}}